{"id":34125,"date":"2023-09-27T15:28:16","date_gmt":"2023-09-27T13:28:16","guid":{"rendered":"https:\/\/www.networkpa.it\/?page_id=34125"},"modified":"2023-10-06T10:07:51","modified_gmt":"2023-10-06T08:07:51","slug":"politica-de-privacidad-comercial","status":"publish","type":"page","link":"https:\/\/www.networkpa.it\/es\/politica-de-privacidad-comercial\/","title":{"rendered":"Pol\u00edtica de privacidad comercial"},"content":{"rendered":"<div class=\"fusion-fullwidth fullwidth-box fusion-builder-row-1 fusion-flex-container has-pattern-background has-mask-background nonhundred-percent-fullwidth non-hundred-percent-height-scrolling\" style=\"--awb-border-radius-top-left:0px;--awb-border-radius-top-right:0px;--awb-border-radius-bottom-right:0px;--awb-border-radius-bottom-left:0px;--awb-flex-wrap:wrap;\" ><div class=\"fusion-builder-row fusion-row fusion-flex-align-items-flex-start fusion-flex-content-wrap\" style=\"max-width:1372.8px;margin-left: calc(-4% \/ 2 );margin-right: calc(-4% \/ 2 );\"><div class=\"fusion-layout-column fusion_builder_column fusion-builder-column-0 fusion_builder_column_1_1 1_1 fusion-flex-column\" style=\"--awb-bg-size:cover;--awb-width-large:100%;--awb-margin-top-large:15px;--awb-spacing-right-large:1.92%;--awb-margin-bottom-large:15px;--awb-spacing-left-large:1.92%;--awb-width-medium:100%;--awb-order-medium:0;--awb-spacing-right-medium:1.92%;--awb-spacing-left-medium:1.92%;--awb-width-small:100%;--awb-order-small:0;--awb-spacing-right-small:1.92%;--awb-spacing-left-small:1.92%;\"><div class=\"fusion-column-wrapper fusion-column-has-shadow fusion-flex-justify-content-flex-start fusion-content-layout-column\"><div class=\"fusion-text fusion-text-1\"><h1>Pol\u00edtica de privacidad<\/h1>\n<\/div><div class=\"fusion-text fusion-text-2\" style=\"--awb-margin-top:10px;\"><p>Esta secci\u00f3n del portal tiene como objetivo indicar las pol\u00edticas de DigitalPA S.r.l. (en virtud del RGPD &#8211; General Data Protection Regulation &#8211; 2016\/679) sobre el tratamiento de los datos personales recogidos durante la navegaci\u00f3n en el portal &#8211; <strong>Finalidades de promoci\u00f3n comercial.<br \/>\n<\/strong><br \/>\nLa informaci\u00f3n se proporciona solo para el portal gestionado por DigitalPA S.r.l. y no para otros sitios web eventualmente consultados por el usuario a trav\u00e9s de un enlace.<\/p>\n<p>La informaci\u00f3n tambi\u00e9n se inspira en la Recomendaci\u00f3n no 2\/2001 de las Autoridades Europeas de Protecci\u00f3n de Datos, reunidas en el Grupo creado por el art. 29 de la Directiva no 95\/46\/CE, adoptaron el 17 de mayo de 2001 para determinar determinados requisitos m\u00ednimos para la recogida de datos personales en l\u00ednea, y, en particular, las modalidades, el momento y la naturaleza de la informaci\u00f3n que los responsables del tratamiento deben facilitar a los usuarios cuando \u00e9stos se conectan a p\u00e1ginas web, independientemente de los fines de la conexi\u00f3n.<\/p>\n<\/div><div class=\"fusion-text fusion-text-3\" style=\"--awb-margin-top:20px;\"><h2>TITULAR DEL TRATAMIENTO<\/h2>\n<\/div><div class=\"fusion-text fusion-text-4\" style=\"--awb-margin-top:10px;\"><p>El Titular del tratamiento de datos es DigitalPA Srl, con domicilio social en Cagliari en v\u00eda San Tommaso d&#8217;Aquino 18A la cual es posible dirigirse para ejercer los derechos contemplados en el Art. 13 y\/o para cualquier aclaraci\u00f3n en materia de protecci\u00f3n de datos personales, y es accesible en: privacy@digitalpa.it<\/p>\n<\/div><div class=\"fusion-text fusion-text-5\" style=\"--awb-margin-top:20px;\"><h2>LUGAR DE TRATAMIENTO DE LOS DATOS<\/h2>\n<\/div><div class=\"fusion-text fusion-text-6\" style=\"--awb-margin-top:10px;\"><p>Los tratamientos relacionados con los servicios web de este portal se llevan a cabo en la sede de DigitalPA S.r.l. y son atendidos solo por personal t\u00e9cnico de la empresa encargada del tratamiento, o por eventuales encargados de operaciones ocasionales de mantenimiento.<\/p>\n<p>Ning\u00fan dato derivado del servicio web es comunicado o difundido.<\/p>\n<p>Los datos personales proporcionados por los usuarios que env\u00edan solicitudes de env\u00edo de material informativo (preguntas, noticias, convocatorias, etc.) o servicios en general se utilizan con el \u00fanico prop\u00f3sito de ejecutar el servicio institucional o responder a sus solicitudes y se comunican a terceros solo en el caso de que sea necesario para tal fin.<\/p>\n<\/div><div class=\"fusion-text fusion-text-7\" style=\"--awb-margin-top:20px;\"><h2>TIPOS DE DATOS TRATADOS<\/h2>\n<\/div><div class=\"fusion-text fusion-text-8\" style=\"--awb-margin-top:10px;\"><p><strong>Datos de navegaci\u00f3n<\/strong><\/p>\n<p>Los sistemas inform\u00e1ticos y los procedimientos software encargados del funcionamiento de este portal adquieren, durante su ejercicio normal, algunos datos personales cuya transmisi\u00f3n est\u00e1 impl\u00edcita en el uso de protocolos de comunicaci\u00f3n de Internet.<\/p>\n<p>Se trata de informaciones que no son recogidas para ser asociadas a interesados identificados, pero que por su misma naturaleza pueden, a trav\u00e9s de elaboraciones y asociaciones con datos en poder de terceros, permitir identificar a los usuarios.<\/p>\n<p>Esta categor\u00eda de datos incluye las direcciones IP o los nombres de dominio de los equipos utilizados por los usuarios que se conectan al portal, las direcciones de los recursos solicitados, la hora de la solicitud, el m\u00e9todo utilizado para enviar la solicitud al servidor, el tama\u00f1o del archivo obtenido en respuesta, el c\u00f3digo num\u00e9rico que indica el estado de la respuesta dada al servidor (buen fin, error, etc.) y otros par\u00e1metros relativos al sistema operativo y al entorno inform\u00e1tico del usuario.<\/p>\n<\/div><div class=\"fusion-text fusion-text-9\" style=\"--awb-margin-top:10px;\"><p><strong>Finalidad del tratamiento<\/strong><\/p>\n<p>Los Datos personales y\/o empresariales introducidos en los formularios presentes en este portal, son protegidos por DigitalPA S.r.l. y utilizados para responder a las preguntas del usuario, para proporcionar la informaci\u00f3n solicitada o para contactar con usted y son tratados por la Sociedad en el marco de su actividad con los siguientes fines promocionales:<\/p>\n<ul>\n<li>realizaci\u00f3n de actividades de promoci\u00f3n y venta de productos y servicios de DigitalPA, realizaci\u00f3n de encuestas de mercado y de customer satisfaction a trav\u00e9s de cartas, tel\u00e9fono, Internet, correo electr\u00f3nico y otros sistemas de comunicaci\u00f3n;<\/li>\n<\/ul>\n<p>Los datos personales proporcionados durante el registro tambi\u00e9n ser\u00e1n comunicados por DigitalPA a los organismos de formaci\u00f3n\/profesores\/relatores de los cursos en l\u00ednea para el env\u00edo de sus propias comunicaciones promocionales relacionadas con eventos informativos y educativos. Estas personas actuar\u00e1n como Controladores aut\u00f3nomos.<\/p>\n<p>La base jur\u00eddica para estas actividades de tratamiento es el consentimiento libremente expresado del interesado en virtud del art. 6, p\u00e1rr. 1 lett. a) RGPD.<\/p>\n<\/div><div class=\"fusion-text fusion-text-10\" style=\"--awb-margin-top:10px;\"><p><strong>Datos proporcionados voluntariamente por el usuario<\/strong><\/p>\n<p>El env\u00edo facultativo, expl\u00edcito y voluntario de correo electr\u00f3nico a las direcciones indicadas en este portal implica la posterior adquisici\u00f3n de la direcci\u00f3n del remitente, necesaria para responder a las solicitudes, as\u00ed como de los dem\u00e1s datos personales introducidos en la carta.<\/p>\n<p>En las p\u00e1ginas del portal, preparadas para servicios especiales a petici\u00f3n, se indicar\u00e1n o visualizar\u00e1n progresivamente informaciones espec\u00edficas.<\/p>\n<\/div><div class=\"fusion-text fusion-text-11\" style=\"--awb-margin-top:20px;\"><h2>OPCIONALIDAD DE LA CONCESI\u00d3N DE LOS DATOS<\/h2>\n<\/div><div class=\"fusion-text fusion-text-12\" style=\"--awb-margin-top:10px;\"><p>Aparte de lo especificado para los datos de navegaci\u00f3n o lo que eventualmente se especificar\u00e1 en relaci\u00f3n con tratamientos particulares en el \u00e1mbito de los diversos servicios ofrecidos en el portal, el usuario es libre de proporcionar los datos personales indicados en los formularios de solicitud de los mismos. El hecho de no proporcionarlos puede implicar la imposibilidad de dar curso a las solicitudes del usuario.<\/p>\n<\/div><div class=\"fusion-text fusion-text-13\" style=\"--awb-margin-top:20px;\"><h2>MODALIDADES DEL TRATAMIENTO DE DATOS<\/h2>\n<\/div><div class=\"fusion-text fusion-text-14\" style=\"--awb-margin-top:10px;\"><p>Los datos personales se procesan con herramientas automatizadas durante el tiempo estrictamente necesario para lograr los fines para los que se recopilaron. Se observan medidas de seguridad espec\u00edficas para evitar la p\u00e9rdida de datos, el uso il\u00edcito o incorrecto y el acceso no autorizado.<\/p>\n<\/div><div class=\"fusion-text fusion-text-15\" style=\"--awb-margin-top:20px;\"><h2>DERECHOS DE LOS INTERESADOS<\/h2>\n<p>Los interesados tienen derecho en todo momento a:<\/p>\n<ol>\n<li>acceso a los datos personales;<\/li>\n<li>obtener la rectificaci\u00f3n o cancelaci\u00f3n de los mismos o la limitaci\u00f3n del tratamiento que les concierna;<\/li>\n<li>oponerse al tratamiento;<\/li>\n<li>la portabilidad de los datos;<\/li>\n<li>revocar el consentimiento, cuando est\u00e9 prevista: la revocaci\u00f3n del consentimiento no afectar\u00e1 a la legalidad del tratamiento basado en el consentimiento otorgado antes de la revocaci\u00f3n;<\/li>\n<li>presentar una reclamaci\u00f3n ante la autoridad de control (Garante de la Privacidad).<\/li>\n<\/ol>\n<p>Las solicitudes deben ser enviadas a la direcci\u00f3n: DigitalPA S.r.l. \u2013 via S. Tommaso d\u2019Aquino 18\/A, 09134 Cagliari (CA).<\/p>\n<p>El \u201cResponsable de la Protecci\u00f3n de los Datos\u201d, al cual es posible dirigirse para ejercer los derechos contemplados en el Art\u00edculo 13 del RGPD y\/o para eventuales aclaraciones en materia de protecci\u00f3n de datos personales, puede ser contactado en la direcci\u00f3n: <a href=\"mailto:privacy@digitalpa.it\">privacy@digitalpa.it<\/a>.<\/p>\n<\/div><\/div><\/div><\/div><\/div>\n","protected":false},"excerpt":{"rendered":"","protected":false},"author":5,"featured_media":0,"parent":0,"menu_order":0,"comment_status":"closed","ping_status":"closed","template":"","meta":{"footnotes":""},"class_list":["post-34125","page","type-page","status-publish","hentry"],"yoast_head":"<!-- This site is optimized with the Yoast SEO plugin v25.9 - https:\/\/yoast.com\/wordpress\/plugins\/seo\/ -->\n<title>Pol\u00edtica de privacidad comercial - NetworkPA<\/title>\n<meta name=\"robots\" content=\"index, follow, max-snippet:-1, max-image-preview:large, max-video-preview:-1\" \/>\n<link rel=\"canonical\" href=\"https:\/\/www.networkpa.it\/informativa-privacy-commerciale\/\" \/>\n<meta property=\"og:locale\" content=\"es_ES\" \/>\n<meta property=\"og:type\" content=\"article\" \/>\n<meta property=\"og:title\" content=\"Pol\u00edtica de privacidad comercial - NetworkPA\" \/>\n<meta property=\"og:url\" content=\"https:\/\/www.networkpa.it\/informativa-privacy-commerciale\/\" \/>\n<meta property=\"og:site_name\" content=\"NetworkPA\" \/>\n<meta property=\"article:publisher\" content=\"https:\/\/www.facebook.com\/digitalpa.srl\/\" \/>\n<meta property=\"article:modified_time\" content=\"2023-10-06T08:07:51+00:00\" \/>\n<meta name=\"twitter:card\" content=\"summary_large_image\" \/>\n<meta name=\"twitter:label1\" content=\"Est. reading time\" \/>\n\t<meta name=\"twitter:data1\" content=\"9 minutes\" \/>\n<script type=\"application\/ld+json\" class=\"yoast-schema-graph\">{\"@context\":\"https:\/\/schema.org\",\"@graph\":[{\"@type\":\"WebPage\",\"@id\":\"https:\/\/www.networkpa.it\/informativa-privacy-commerciale\/\",\"url\":\"https:\/\/www.networkpa.it\/informativa-privacy-commerciale\/\",\"name\":\"Pol\u00edtica de privacidad comercial - NetworkPA\",\"isPartOf\":{\"@id\":\"https:\/\/www.networkpa.it\/#website\"},\"datePublished\":\"2023-09-27T13:28:16+00:00\",\"dateModified\":\"2023-10-06T08:07:51+00:00\",\"breadcrumb\":{\"@id\":\"https:\/\/www.networkpa.it\/informativa-privacy-commerciale\/#breadcrumb\"},\"inLanguage\":\"es-ES\",\"potentialAction\":[{\"@type\":\"ReadAction\",\"target\":[\"https:\/\/www.networkpa.it\/informativa-privacy-commerciale\/\"]}]},{\"@type\":\"BreadcrumbList\",\"@id\":\"https:\/\/www.networkpa.it\/informativa-privacy-commerciale\/#breadcrumb\",\"itemListElement\":[{\"@type\":\"ListItem\",\"position\":1,\"name\":\"Home\",\"item\":\"https:\/\/www.networkpa.it\/es\/\"},{\"@type\":\"ListItem\",\"position\":2,\"name\":\"Pol\u00edtica de privacidad comercial\"}]},{\"@type\":\"WebSite\",\"@id\":\"https:\/\/www.networkpa.it\/#website\",\"url\":\"https:\/\/www.networkpa.it\/\",\"name\":\"NetworkPA\",\"description\":\"Software e-procurement | albo fornitori iscrizione | Partecipazione gara telematica\",\"publisher\":{\"@id\":\"https:\/\/www.networkpa.it\/#organization\"},\"potentialAction\":[{\"@type\":\"SearchAction\",\"target\":{\"@type\":\"EntryPoint\",\"urlTemplate\":\"https:\/\/www.networkpa.it\/?s={search_term_string}\"},\"query-input\":{\"@type\":\"PropertyValueSpecification\",\"valueRequired\":true,\"valueName\":\"search_term_string\"}}],\"inLanguage\":\"es-ES\"},{\"@type\":\"Organization\",\"@id\":\"https:\/\/www.networkpa.it\/#organization\",\"name\":\"DigitalPA s.r.l\",\"url\":\"https:\/\/www.networkpa.it\/\",\"logo\":{\"@type\":\"ImageObject\",\"inLanguage\":\"es-ES\",\"@id\":\"https:\/\/www.networkpa.it\/#\/schema\/logo\/image\/\",\"url\":\"https:\/\/www.networkpa.it\/wp-content\/uploads\/2019\/06\/logo-digitalpa-blu-rosso-orizzontale-payoff-copia-250x.png\",\"contentUrl\":\"https:\/\/www.networkpa.it\/wp-content\/uploads\/2019\/06\/logo-digitalpa-blu-rosso-orizzontale-payoff-copia-250x.png\",\"width\":250,\"height\":60,\"caption\":\"DigitalPA s.r.l\"},\"image\":{\"@id\":\"https:\/\/www.networkpa.it\/#\/schema\/logo\/image\/\"},\"sameAs\":[\"https:\/\/www.facebook.com\/digitalpa.srl\/\",\"https:\/\/www.linkedin.com\/company\/digitalpa\/?originalSubdomain=it\",\"https:\/\/www.youtube.com\/channel\/UC67awOjGkcaH22GRWPN9R1w\"]}]}<\/script>\n<!-- \/ Yoast SEO plugin. -->","yoast_head_json":{"title":"Pol\u00edtica de privacidad comercial - NetworkPA","robots":{"index":"index","follow":"follow","max-snippet":"max-snippet:-1","max-image-preview":"max-image-preview:large","max-video-preview":"max-video-preview:-1"},"canonical":"https:\/\/www.networkpa.it\/informativa-privacy-commerciale\/","og_locale":"es_ES","og_type":"article","og_title":"Pol\u00edtica de privacidad comercial - NetworkPA","og_url":"https:\/\/www.networkpa.it\/informativa-privacy-commerciale\/","og_site_name":"NetworkPA","article_publisher":"https:\/\/www.facebook.com\/digitalpa.srl\/","article_modified_time":"2023-10-06T08:07:51+00:00","twitter_card":"summary_large_image","twitter_misc":{"Est. reading time":"9 minutes"},"schema":{"@context":"https:\/\/schema.org","@graph":[{"@type":"WebPage","@id":"https:\/\/www.networkpa.it\/informativa-privacy-commerciale\/","url":"https:\/\/www.networkpa.it\/informativa-privacy-commerciale\/","name":"Pol\u00edtica de privacidad comercial - NetworkPA","isPartOf":{"@id":"https:\/\/www.networkpa.it\/#website"},"datePublished":"2023-09-27T13:28:16+00:00","dateModified":"2023-10-06T08:07:51+00:00","breadcrumb":{"@id":"https:\/\/www.networkpa.it\/informativa-privacy-commerciale\/#breadcrumb"},"inLanguage":"es-ES","potentialAction":[{"@type":"ReadAction","target":["https:\/\/www.networkpa.it\/informativa-privacy-commerciale\/"]}]},{"@type":"BreadcrumbList","@id":"https:\/\/www.networkpa.it\/informativa-privacy-commerciale\/#breadcrumb","itemListElement":[{"@type":"ListItem","position":1,"name":"Home","item":"https:\/\/www.networkpa.it\/es\/"},{"@type":"ListItem","position":2,"name":"Pol\u00edtica de privacidad comercial"}]},{"@type":"WebSite","@id":"https:\/\/www.networkpa.it\/#website","url":"https:\/\/www.networkpa.it\/","name":"NetworkPA","description":"Software e-procurement | albo fornitori iscrizione | Partecipazione gara telematica","publisher":{"@id":"https:\/\/www.networkpa.it\/#organization"},"potentialAction":[{"@type":"SearchAction","target":{"@type":"EntryPoint","urlTemplate":"https:\/\/www.networkpa.it\/?s={search_term_string}"},"query-input":{"@type":"PropertyValueSpecification","valueRequired":true,"valueName":"search_term_string"}}],"inLanguage":"es-ES"},{"@type":"Organization","@id":"https:\/\/www.networkpa.it\/#organization","name":"DigitalPA s.r.l","url":"https:\/\/www.networkpa.it\/","logo":{"@type":"ImageObject","inLanguage":"es-ES","@id":"https:\/\/www.networkpa.it\/#\/schema\/logo\/image\/","url":"https:\/\/www.networkpa.it\/wp-content\/uploads\/2019\/06\/logo-digitalpa-blu-rosso-orizzontale-payoff-copia-250x.png","contentUrl":"https:\/\/www.networkpa.it\/wp-content\/uploads\/2019\/06\/logo-digitalpa-blu-rosso-orizzontale-payoff-copia-250x.png","width":250,"height":60,"caption":"DigitalPA s.r.l"},"image":{"@id":"https:\/\/www.networkpa.it\/#\/schema\/logo\/image\/"},"sameAs":["https:\/\/www.facebook.com\/digitalpa.srl\/","https:\/\/www.linkedin.com\/company\/digitalpa\/?originalSubdomain=it","https:\/\/www.youtube.com\/channel\/UC67awOjGkcaH22GRWPN9R1w"]}]}},"_links":{"self":[{"href":"https:\/\/www.networkpa.it\/es\/wp-json\/wp\/v2\/pages\/34125","targetHints":{"allow":["GET"]}}],"collection":[{"href":"https:\/\/www.networkpa.it\/es\/wp-json\/wp\/v2\/pages"}],"about":[{"href":"https:\/\/www.networkpa.it\/es\/wp-json\/wp\/v2\/types\/page"}],"author":[{"embeddable":true,"href":"https:\/\/www.networkpa.it\/es\/wp-json\/wp\/v2\/users\/5"}],"replies":[{"embeddable":true,"href":"https:\/\/www.networkpa.it\/es\/wp-json\/wp\/v2\/comments?post=34125"}],"version-history":[{"count":1,"href":"https:\/\/www.networkpa.it\/es\/wp-json\/wp\/v2\/pages\/34125\/revisions"}],"predecessor-version":[{"id":34126,"href":"https:\/\/www.networkpa.it\/es\/wp-json\/wp\/v2\/pages\/34125\/revisions\/34126"}],"wp:attachment":[{"href":"https:\/\/www.networkpa.it\/es\/wp-json\/wp\/v2\/media?parent=34125"}],"curies":[{"name":"wp","href":"https:\/\/api.w.org\/{rel}","templated":true}]}}