{"id":20672,"date":"2019-05-31T14:24:50","date_gmt":"2019-05-31T12:24:50","guid":{"rendered":"https:\/\/www.networkpa.it\/software-digitalpa\/"},"modified":"2023-10-02T09:45:13","modified_gmt":"2023-10-02T07:45:13","slug":"software-digitalpa","status":"publish","type":"page","link":"https:\/\/www.networkpa.it\/es\/software-digitalpa\/","title":{"rendered":"Software"},"content":{"rendered":"<p><div class=\"fusion-fullwidth fullwidth-box fusion-builder-row-1 nonhundred-percent-fullwidth non-hundred-percent-height-scrolling\" style=\"--awb-border-radius-top-left:0px;--awb-border-radius-top-right:0px;--awb-border-radius-bottom-right:0px;--awb-border-radius-bottom-left:0px;--awb-flex-wrap:wrap;\" ><div class=\"fusion-builder-row fusion-row\"><div class=\"fusion-layout-column fusion_builder_column fusion-builder-column-0 fusion_builder_column_1_1 1_1 fusion-one-full fusion-column-first fusion-column-last\" style=\"--awb-bg-size:cover;\"><div class=\"fusion-column-wrapper fusion-column-has-shadow fusion-flex-column-wrapper-legacy\"><div class=\"fusion-text fusion-text-1\"><h2 style=\"text-align: center; font-size: 28px; --fontSize: 28; line-height: 1.5;\" data-fontsize=\"28\" data-lineheight=\"42px\" class=\"fusion-responsive-typography-calculated\">DigitalPA crea y distribuye aplicaciones de software para administraciones p\u00fablicas y empresas<\/h2>\n<p>DigitalPA proporciona <strong>plataformas de software SaaS<\/strong> basadas en las \u00faltimas tecnolog\u00edas. El resultado final no es un simple software de gesti\u00f3n, sino una soluci\u00f3n completa. El software se actualiza peri\u00f3dicamente y se complementa con un servicio dedicado de asistencia y formaci\u00f3n.<\/p>\n<p>Adem\u00e1s de su versatilidad, las soluciones DigitalPA son <strong>personalizables, modulares e interconectables<\/strong> con otros sistemas de gesti\u00f3n.<\/p>\n<p>Nuestro software tambi\u00e9n cumple<strong> estrictas normas de calidad y seguridad<\/strong>, gracias a la actualizaci\u00f3n continua de las certificaciones m\u00e1s exigentes.<\/p>\n<\/div><div class=\"fusion-clearfix\"><\/div><\/div><\/div><\/div><\/div><div class=\"fusion-fullwidth fullwidth-box fusion-builder-row-2 nonhundred-percent-fullwidth non-hundred-percent-height-scrolling\" style=\"--awb-border-radius-top-left:0px;--awb-border-radius-top-right:0px;--awb-border-radius-bottom-right:0px;--awb-border-radius-bottom-left:0px;--awb-flex-wrap:wrap;\" ><div class=\"fusion-builder-row fusion-row\"><div class=\"fusion-layout-column fusion_builder_column fusion-builder-column-1 fusion_builder_column_1_2 1_2 fusion-one-half fusion-column-first\" style=\"--awb-bg-size:cover;width:50%;width:calc(50% - ( ( 4% ) * 0.5 ) );margin-right: 4%;\"><div class=\"fusion-column-wrapper fusion-column-has-shadow fusion-flex-column-wrapper-legacy\"><div class=\"fusion-image-element fusion-image-align-center in-legacy-container\" style=\"text-align:center;--awb-caption-title-font-family:var(--h2_typography-font-family);--awb-caption-title-font-weight:var(--h2_typography-font-weight);--awb-caption-title-font-style:var(--h2_typography-font-style);--awb-caption-title-size:var(--h2_typography-font-size);--awb-caption-title-transform:var(--h2_typography-text-transform);--awb-caption-title-line-height:var(--h2_typography-line-height);--awb-caption-title-letter-spacing:var(--h2_typography-letter-spacing);\"><div class=\"imageframe-align-center\"><span class=\" fusion-imageframe imageframe-none imageframe-1 hover-type-none\"><a class=\"fusion-no-lightbox\" href=\"https:\/\/www.onlineprocurement.com\/es\/\" target=\"_blank\" aria-label=\"Online procurement &#8211; online tender\" rel=\"noopener noreferrer\"><img decoding=\"async\" width=\"133\" height=\"60\" alt=\"Online procurement - online tender\" src=\"https:\/\/www.networkpa.it\/wp-content\/uploads\/2019\/06\/online_procurement.png\" class=\"img-responsive wp-image-9550\"\/><\/a><\/span><\/div><\/div><div class=\"fusion-sep-clear\"><\/div><div class=\"fusion-separator fusion-full-width-sep\" style=\"margin-left: auto;margin-right: auto;margin-top:3%;margin-bottom:3%;width:100%;\"><\/div><div class=\"fusion-sep-clear\"><\/div><div class=\"fusion-text fusion-text-2\"><p style=\"text-align: center;\"><a href=\"https:\/\/www.onlineprocurement.com\/es\/\" target=\"_blank\" rel=\"noopener noreferrer\"><strong><span style=\"color: #333333;\">www.onlineprocurement.com<\/span><\/strong><\/a><\/p>\n<\/div><div class=\"fusion-clearfix\"><\/div><\/div><\/div><div class=\"fusion-layout-column fusion_builder_column fusion-builder-column-2 fusion_builder_column_1_2 1_2 fusion-one-half fusion-column-last\" style=\"--awb-bg-size:cover;width:50%;width:calc(50% - ( ( 4% ) * 0.5 ) );\"><div class=\"fusion-column-wrapper fusion-column-has-shadow fusion-flex-column-wrapper-legacy\"><div class=\"fusion-image-element fusion-image-align-center in-legacy-container\" style=\"text-align:center;--awb-caption-title-font-family:var(--h2_typography-font-family);--awb-caption-title-font-weight:var(--h2_typography-font-weight);--awb-caption-title-font-style:var(--h2_typography-font-style);--awb-caption-title-size:var(--h2_typography-font-size);--awb-caption-title-transform:var(--h2_typography-text-transform);--awb-caption-title-line-height:var(--h2_typography-line-height);--awb-caption-title-letter-spacing:var(--h2_typography-letter-spacing);\"><div class=\"imageframe-align-center\"><span class=\" fusion-imageframe imageframe-none imageframe-2 hover-type-none\"><a class=\"fusion-no-lightbox\" href=\"https:\/\/www.whistleblowing.software\/es\/\" target=\"_blank\" aria-label=\"Whistleblowing software\" rel=\"noopener noreferrer\"><img decoding=\"async\" width=\"132\" height=\"60\" alt=\"Whistleblowing software\" src=\"https:\/\/www.networkpa.it\/wp-content\/uploads\/2019\/06\/whistleblowing_software.png\" class=\"img-responsive wp-image-9549\"\/><\/a><\/span><\/div><\/div><div class=\"fusion-sep-clear\"><\/div><div class=\"fusion-separator fusion-full-width-sep\" style=\"margin-left: auto;margin-right: auto;margin-top:3%;margin-bottom:3%;width:100%;\"><\/div><div class=\"fusion-sep-clear\"><\/div><div class=\"fusion-text fusion-text-3\"><p style=\"text-align: center;\"><a href=\"https:\/\/www.whistleblowing.software\/es\/\" target=\"_blank\" rel=\"noopener noreferrer\"><span style=\"color: #333333;\"><strong>www.whistleblowing.software<\/strong><\/span><\/a><\/p>\n<\/div><div class=\"fusion-clearfix\"><\/div><\/div><\/div><\/div><\/div><div class=\"fusion-fullwidth fullwidth-box fusion-builder-row-3 nonhundred-percent-fullwidth non-hundred-percent-height-scrolling\" style=\"--awb-border-radius-top-left:0px;--awb-border-radius-top-right:0px;--awb-border-radius-bottom-right:0px;--awb-border-radius-bottom-left:0px;--awb-flex-wrap:wrap;\" ><div class=\"fusion-builder-row fusion-row\"><div class=\"fusion-layout-column fusion_builder_column fusion-builder-column-3 fusion_builder_column_1_1 1_1 fusion-one-full fusion-column-first fusion-column-last\" style=\"--awb-bg-size:cover;\"><div class=\"fusion-column-wrapper fusion-column-has-shadow fusion-flex-column-wrapper-legacy\"><div class=\"fusion-sep-clear\"><\/div><div class=\"fusion-separator fusion-full-width-sep\" style=\"margin-left: auto;margin-right: auto;margin-bottom:5%;width:100%;\"><div class=\"fusion-separator-border sep-single sep-solid\" style=\"--awb-height:20px;--awb-amount:20px;--awb-sep-color:#0c364f;border-color:#0c364f;border-top-width:5px;\"><\/div><\/div><div class=\"fusion-sep-clear\"><\/div><div class=\"fusion-text fusion-text-4\"><p style=\"text-align: center;\"><span style=\"color: #106ebe;\"><a style=\"color: #106ebe;\" href=\"https:\/\/www.digitalpa.it\/contatti\" target=\"_blank\" rel=\"noopener noreferrer\"><span style=\"color: #0c364f;\"><strong>Para obtener m\u00e1s informaci\u00f3n<\/strong> sobre la gama de software y servicios de DigitalPA, cont\u00e1ctenos\u00a0<\/span><\/a><\/span><\/p>\n<\/div><div class=\"fusion-image-element fusion-image-align-center in-legacy-container\" style=\"text-align:center;--awb-caption-title-font-family:var(--h2_typography-font-family);--awb-caption-title-font-weight:var(--h2_typography-font-weight);--awb-caption-title-font-style:var(--h2_typography-font-style);--awb-caption-title-size:var(--h2_typography-font-size);--awb-caption-title-transform:var(--h2_typography-text-transform);--awb-caption-title-line-height:var(--h2_typography-line-height);--awb-caption-title-letter-spacing:var(--h2_typography-letter-spacing);\"><div class=\"imageframe-align-center\"><span class=\" fusion-imageframe imageframe-none imageframe-3 hover-type-none\"><a class=\"fusion-no-lightbox\" href=\"https:\/\/www.digitalpa.net\/?lang=es\" target=\"_blank\" aria-label=\"blue-red-logo-digitalpa-250x\" rel=\"noopener noreferrer\"><img decoding=\"async\" width=\"250\" height=\"61\" alt=\"DigitalPA\" src=\"https:\/\/www.networkpa.it\/wp-content\/uploads\/2020\/06\/blue-red-logo-digitalpa-250x.png\" class=\"img-responsive wp-image-21142\" srcset=\"https:\/\/www.networkpa.it\/wp-content\/uploads\/2020\/06\/blue-red-logo-digitalpa-250x-200x49.png 200w, https:\/\/www.networkpa.it\/wp-content\/uploads\/2020\/06\/blue-red-logo-digitalpa-250x.png 250w\" sizes=\"(max-width: 1024px) 100vw, 250px\" \/><\/a><\/span><\/div><\/div><div class=\"fusion-clearfix\"><\/div><\/div><\/div><\/div><\/div><\/p>\n","protected":false},"excerpt":{"rendered":"","protected":false},"author":308,"featured_media":0,"parent":0,"menu_order":0,"comment_status":"closed","ping_status":"closed","template":"","meta":{"footnotes":""},"class_list":["post-20672","page","type-page","status-publish","hentry"],"yoast_head":"<!-- This site is optimized with the Yoast SEO plugin v25.9 - https:\/\/yoast.com\/wordpress\/plugins\/seo\/ -->\n<title>Software para la Administraci\u00f3n P\u00fablica y las Empresas | DigitalPA<\/title>\n<meta name=\"description\" content=\"Descubre software desarrollado por DigitalPA para Administraci\u00f3n P\u00fablica y la soluci\u00f3n NetworkPA dedicada a los Operadores Econ\u00f3micos.\" \/>\n<meta name=\"robots\" content=\"index, follow, max-snippet:-1, max-image-preview:large, max-video-preview:-1\" \/>\n<link rel=\"canonical\" href=\"https:\/\/www.networkpa.it\/software-digitalpa\/\" \/>\n<meta property=\"og:locale\" content=\"es_ES\" \/>\n<meta property=\"og:type\" content=\"article\" \/>\n<meta property=\"og:title\" content=\"Software para la Administraci\u00f3n P\u00fablica y las Empresas | DigitalPA\" \/>\n<meta property=\"og:description\" content=\"Descubre software desarrollado por DigitalPA para Administraci\u00f3n P\u00fablica y la soluci\u00f3n NetworkPA dedicada a los Operadores Econ\u00f3micos.\" \/>\n<meta property=\"og:url\" content=\"https:\/\/www.networkpa.it\/software-digitalpa\/\" \/>\n<meta property=\"og:site_name\" content=\"NetworkPA\" \/>\n<meta property=\"article:publisher\" content=\"https:\/\/www.facebook.com\/digitalpa.srl\/\" \/>\n<meta property=\"article:modified_time\" content=\"2023-10-02T07:45:13+00:00\" \/>\n<meta name=\"twitter:card\" content=\"summary_large_image\" \/>\n<meta name=\"twitter:label1\" content=\"Est. reading time\" \/>\n\t<meta name=\"twitter:data1\" content=\"6 minutes\" \/>\n<script type=\"application\/ld+json\" class=\"yoast-schema-graph\">{\"@context\":\"https:\/\/schema.org\",\"@graph\":[{\"@type\":\"WebPage\",\"@id\":\"https:\/\/www.networkpa.it\/software-digitalpa\/\",\"url\":\"https:\/\/www.networkpa.it\/software-digitalpa\/\",\"name\":\"Software para la Administraci\u00f3n P\u00fablica y las Empresas | DigitalPA\",\"isPartOf\":{\"@id\":\"https:\/\/www.networkpa.it\/#website\"},\"datePublished\":\"2019-05-31T12:24:50+00:00\",\"dateModified\":\"2023-10-02T07:45:13+00:00\",\"description\":\"Descubre software desarrollado por DigitalPA para Administraci\u00f3n P\u00fablica y la soluci\u00f3n NetworkPA dedicada a los Operadores Econ\u00f3micos.\",\"breadcrumb\":{\"@id\":\"https:\/\/www.networkpa.it\/software-digitalpa\/#breadcrumb\"},\"inLanguage\":\"es-ES\",\"potentialAction\":[{\"@type\":\"ReadAction\",\"target\":[\"https:\/\/www.networkpa.it\/software-digitalpa\/\"]}]},{\"@type\":\"BreadcrumbList\",\"@id\":\"https:\/\/www.networkpa.it\/software-digitalpa\/#breadcrumb\",\"itemListElement\":[{\"@type\":\"ListItem\",\"position\":1,\"name\":\"Home\",\"item\":\"https:\/\/www.networkpa.it\/es\/\"},{\"@type\":\"ListItem\",\"position\":2,\"name\":\"Software\"}]},{\"@type\":\"WebSite\",\"@id\":\"https:\/\/www.networkpa.it\/#website\",\"url\":\"https:\/\/www.networkpa.it\/\",\"name\":\"NetworkPA\",\"description\":\"Software e-procurement | albo fornitori iscrizione | Partecipazione gara telematica\",\"publisher\":{\"@id\":\"https:\/\/www.networkpa.it\/#organization\"},\"potentialAction\":[{\"@type\":\"SearchAction\",\"target\":{\"@type\":\"EntryPoint\",\"urlTemplate\":\"https:\/\/www.networkpa.it\/?s={search_term_string}\"},\"query-input\":{\"@type\":\"PropertyValueSpecification\",\"valueRequired\":true,\"valueName\":\"search_term_string\"}}],\"inLanguage\":\"es-ES\"},{\"@type\":\"Organization\",\"@id\":\"https:\/\/www.networkpa.it\/#organization\",\"name\":\"DigitalPA s.r.l\",\"url\":\"https:\/\/www.networkpa.it\/\",\"logo\":{\"@type\":\"ImageObject\",\"inLanguage\":\"es-ES\",\"@id\":\"https:\/\/www.networkpa.it\/#\/schema\/logo\/image\/\",\"url\":\"https:\/\/www.networkpa.it\/wp-content\/uploads\/2019\/06\/logo-digitalpa-blu-rosso-orizzontale-payoff-copia-250x.png\",\"contentUrl\":\"https:\/\/www.networkpa.it\/wp-content\/uploads\/2019\/06\/logo-digitalpa-blu-rosso-orizzontale-payoff-copia-250x.png\",\"width\":250,\"height\":60,\"caption\":\"DigitalPA s.r.l\"},\"image\":{\"@id\":\"https:\/\/www.networkpa.it\/#\/schema\/logo\/image\/\"},\"sameAs\":[\"https:\/\/www.facebook.com\/digitalpa.srl\/\",\"https:\/\/www.linkedin.com\/company\/digitalpa\/?originalSubdomain=it\",\"https:\/\/www.youtube.com\/channel\/UC67awOjGkcaH22GRWPN9R1w\"]}]}<\/script>\n<!-- \/ Yoast SEO plugin. -->","yoast_head_json":{"title":"Software para la Administraci\u00f3n P\u00fablica y las Empresas | DigitalPA","description":"Descubre software desarrollado por DigitalPA para Administraci\u00f3n P\u00fablica y la soluci\u00f3n NetworkPA dedicada a los Operadores Econ\u00f3micos.","robots":{"index":"index","follow":"follow","max-snippet":"max-snippet:-1","max-image-preview":"max-image-preview:large","max-video-preview":"max-video-preview:-1"},"canonical":"https:\/\/www.networkpa.it\/software-digitalpa\/","og_locale":"es_ES","og_type":"article","og_title":"Software para la Administraci\u00f3n P\u00fablica y las Empresas | DigitalPA","og_description":"Descubre software desarrollado por DigitalPA para Administraci\u00f3n P\u00fablica y la soluci\u00f3n NetworkPA dedicada a los Operadores Econ\u00f3micos.","og_url":"https:\/\/www.networkpa.it\/software-digitalpa\/","og_site_name":"NetworkPA","article_publisher":"https:\/\/www.facebook.com\/digitalpa.srl\/","article_modified_time":"2023-10-02T07:45:13+00:00","twitter_card":"summary_large_image","twitter_misc":{"Est. reading time":"6 minutes"},"schema":{"@context":"https:\/\/schema.org","@graph":[{"@type":"WebPage","@id":"https:\/\/www.networkpa.it\/software-digitalpa\/","url":"https:\/\/www.networkpa.it\/software-digitalpa\/","name":"Software para la Administraci\u00f3n P\u00fablica y las Empresas | DigitalPA","isPartOf":{"@id":"https:\/\/www.networkpa.it\/#website"},"datePublished":"2019-05-31T12:24:50+00:00","dateModified":"2023-10-02T07:45:13+00:00","description":"Descubre software desarrollado por DigitalPA para Administraci\u00f3n P\u00fablica y la soluci\u00f3n NetworkPA dedicada a los Operadores Econ\u00f3micos.","breadcrumb":{"@id":"https:\/\/www.networkpa.it\/software-digitalpa\/#breadcrumb"},"inLanguage":"es-ES","potentialAction":[{"@type":"ReadAction","target":["https:\/\/www.networkpa.it\/software-digitalpa\/"]}]},{"@type":"BreadcrumbList","@id":"https:\/\/www.networkpa.it\/software-digitalpa\/#breadcrumb","itemListElement":[{"@type":"ListItem","position":1,"name":"Home","item":"https:\/\/www.networkpa.it\/es\/"},{"@type":"ListItem","position":2,"name":"Software"}]},{"@type":"WebSite","@id":"https:\/\/www.networkpa.it\/#website","url":"https:\/\/www.networkpa.it\/","name":"NetworkPA","description":"Software e-procurement | albo fornitori iscrizione | Partecipazione gara telematica","publisher":{"@id":"https:\/\/www.networkpa.it\/#organization"},"potentialAction":[{"@type":"SearchAction","target":{"@type":"EntryPoint","urlTemplate":"https:\/\/www.networkpa.it\/?s={search_term_string}"},"query-input":{"@type":"PropertyValueSpecification","valueRequired":true,"valueName":"search_term_string"}}],"inLanguage":"es-ES"},{"@type":"Organization","@id":"https:\/\/www.networkpa.it\/#organization","name":"DigitalPA s.r.l","url":"https:\/\/www.networkpa.it\/","logo":{"@type":"ImageObject","inLanguage":"es-ES","@id":"https:\/\/www.networkpa.it\/#\/schema\/logo\/image\/","url":"https:\/\/www.networkpa.it\/wp-content\/uploads\/2019\/06\/logo-digitalpa-blu-rosso-orizzontale-payoff-copia-250x.png","contentUrl":"https:\/\/www.networkpa.it\/wp-content\/uploads\/2019\/06\/logo-digitalpa-blu-rosso-orizzontale-payoff-copia-250x.png","width":250,"height":60,"caption":"DigitalPA s.r.l"},"image":{"@id":"https:\/\/www.networkpa.it\/#\/schema\/logo\/image\/"},"sameAs":["https:\/\/www.facebook.com\/digitalpa.srl\/","https:\/\/www.linkedin.com\/company\/digitalpa\/?originalSubdomain=it","https:\/\/www.youtube.com\/channel\/UC67awOjGkcaH22GRWPN9R1w"]}]}},"_links":{"self":[{"href":"https:\/\/www.networkpa.it\/es\/wp-json\/wp\/v2\/pages\/20672","targetHints":{"allow":["GET"]}}],"collection":[{"href":"https:\/\/www.networkpa.it\/es\/wp-json\/wp\/v2\/pages"}],"about":[{"href":"https:\/\/www.networkpa.it\/es\/wp-json\/wp\/v2\/types\/page"}],"author":[{"embeddable":true,"href":"https:\/\/www.networkpa.it\/es\/wp-json\/wp\/v2\/users\/308"}],"replies":[{"embeddable":true,"href":"https:\/\/www.networkpa.it\/es\/wp-json\/wp\/v2\/comments?post=20672"}],"version-history":[{"count":20,"href":"https:\/\/www.networkpa.it\/es\/wp-json\/wp\/v2\/pages\/20672\/revisions"}],"predecessor-version":[{"id":34293,"href":"https:\/\/www.networkpa.it\/es\/wp-json\/wp\/v2\/pages\/20672\/revisions\/34293"}],"wp:attachment":[{"href":"https:\/\/www.networkpa.it\/es\/wp-json\/wp\/v2\/media?parent=20672"}],"curies":[{"name":"wp","href":"https:\/\/api.w.org\/{rel}","templated":true}]}}