{"id":20649,"date":"2019-05-31T12:43:59","date_gmt":"2019-05-31T10:43:59","guid":{"rendered":"https:\/\/www.networkpa.it\/contatti\/"},"modified":"2024-10-21T09:59:12","modified_gmt":"2024-10-21T07:59:12","slug":"contactos","status":"publish","type":"page","link":"https:\/\/www.networkpa.it\/es\/contactos\/","title":{"rendered":"Contactos"},"content":{"rendered":"<div class=\"fusion-fullwidth fullwidth-box fusion-builder-row-1 nonhundred-percent-fullwidth non-hundred-percent-height-scrolling\" style=\"--awb-border-radius-top-left:0px;--awb-border-radius-top-right:0px;--awb-border-radius-bottom-right:0px;--awb-border-radius-bottom-left:0px;--awb-flex-wrap:wrap;\" ><div class=\"fusion-builder-row fusion-row\"><div class=\"fusion-layout-column fusion_builder_column fusion-builder-column-0 fusion_builder_column_3_4 3_4 fusion-three-fourth fusion-column-first\" style=\"--awb-bg-size:cover;width:75%;width:calc(75% - ( ( 4% ) * 0.75 ) );margin-right: 4%;\"><div class=\"fusion-column-wrapper fusion-column-has-shadow fusion-flex-column-wrapper-legacy\"><div class=\"fusion-text fusion-text-1\"><h2><strong>Solicite m\u00e1s informaci\u00f3n o un presupuesto<\/strong><\/h2>\n<\/div><div class=\"fusion-text fusion-text-2\"><p>Utilice el siguiente formulario para solicitar m\u00e1s informaci\u00f3n para su Empresa o para solicitar un presupuesto.<\/p>\n<\/div><div class=\"fusion-text fusion-text-3\">\n<div class=\"wpcf7 no-js\" id=\"wpcf7-f20648-o1\" lang=\"it-IT\" dir=\"ltr\" data-wpcf7-id=\"20648\">\n<div class=\"screen-reader-response\"><p role=\"status\" aria-live=\"polite\" aria-atomic=\"true\"><\/p> <ul><\/ul><\/div>\n<form action=\"\/es\/wp-json\/wp\/v2\/pages\/20649#wpcf7-f20648-o1\" method=\"post\" class=\"wpcf7-form init wpcf7-acceptance-as-validation\" aria-label=\"Contact form\" novalidate=\"novalidate\" data-status=\"init\">\n<fieldset class=\"hidden-fields-container\"><input type=\"hidden\" name=\"_wpcf7\" value=\"20648\" \/><input type=\"hidden\" name=\"_wpcf7_version\" value=\"6.1.3\" \/><input type=\"hidden\" name=\"_wpcf7_locale\" value=\"it_IT\" \/><input type=\"hidden\" name=\"_wpcf7_unit_tag\" value=\"wpcf7-f20648-o1\" \/><input type=\"hidden\" name=\"_wpcf7_container_post\" value=\"0\" \/><input type=\"hidden\" name=\"_wpcf7_posted_data_hash\" value=\"\" \/><input type=\"hidden\" name=\"_wpcf7_recaptcha_response\" value=\"\" \/>\n<\/fieldset>\n<p>Nombre y Apellido*\n<\/p>\n<p><span class=\"wpcf7-form-control-wrap\" data-name=\"Name\"><input size=\"40\" maxlength=\"400\" class=\"wpcf7-form-control wpcf7-text wpcf7-validates-as-required\" aria-required=\"true\" aria-invalid=\"false\" value=\"\" type=\"text\" name=\"Name\" \/><\/span>\n<\/p>\n<p>Empresa*\n<\/p>\n<p><span class=\"wpcf7-form-control-wrap\" data-name=\"Azienda\"><input size=\"40\" maxlength=\"400\" class=\"wpcf7-form-control wpcf7-text wpcf7-validates-as-required\" aria-required=\"true\" aria-invalid=\"false\" value=\"\" type=\"text\" name=\"Azienda\" \/><\/span>\n<\/p>\n<p>Direcci\u00f3n\n<\/p>\n<p><span class=\"wpcf7-form-control-wrap\" data-name=\"via\"><input size=\"40\" maxlength=\"400\" class=\"wpcf7-form-control wpcf7-text\" aria-invalid=\"false\" value=\"\" type=\"text\" name=\"via\" \/><\/span>\n<\/p>\n<p>Ciudad\n<\/p>\n<p><span class=\"wpcf7-form-control-wrap\" data-name=\"Citt\"><input size=\"40\" maxlength=\"400\" class=\"wpcf7-form-control wpcf7-text\" aria-invalid=\"false\" value=\"\" type=\"text\" name=\"Citt\" \/><\/span>\n<\/p>\n<p>Tel\u00e9fono*\n<\/p>\n<p><span class=\"wpcf7-form-control-wrap\" data-name=\"Telefono\"><input size=\"40\" maxlength=\"400\" class=\"wpcf7-form-control wpcf7-text wpcf7-validates-as-required\" aria-required=\"true\" aria-invalid=\"false\" value=\"\" type=\"text\" name=\"Telefono\" \/><\/span>\n<\/p>\n<p>Correo electr\u00f3nico*\n<\/p>\n<p><span class=\"wpcf7-form-control-wrap\" data-name=\"Email\"><input size=\"40\" maxlength=\"400\" class=\"wpcf7-form-control wpcf7-email wpcf7-validates-as-required wpcf7-text wpcf7-validates-as-email\" aria-required=\"true\" aria-invalid=\"false\" value=\"\" type=\"email\" name=\"Email\" \/><\/span>\n<\/p>\n<p>Mensaje<br \/>\n<span class=\"wpcf7-form-control-wrap\" data-name=\"Messaggio\"><textarea cols=\"40\" rows=\"10\" maxlength=\"2000\" class=\"wpcf7-form-control wpcf7-textarea\" aria-invalid=\"false\" name=\"Messaggio\"><\/textarea><\/span>\n<\/p>\n<p><strong>T\u00e9rminos y condiciones <span style=\"font-size: 13px; color: #ff0000; font-weight:normal\">(richiesto)<\/span><\/strong><br \/>\n<span class=\"wpcf7-form-control-wrap\" data-name=\"accettazione-gdpr\"><span class=\"wpcf7-form-control wpcf7-acceptance\"><span class=\"wpcf7-list-item\"><label><input type=\"checkbox\" name=\"accettazione-gdpr\" value=\"1\" aria-invalid=\"false\" \/><span class=\"wpcf7-list-item-label\">Le\u00ed la <a href=\"\/es\/privacy-y-cookies\/\" target=\"_blank\" rel=\"nofollow noopener\">Pol\u00edtica de privacidad<\/a>.<\/span><\/label><\/span><\/span><\/span><span style=\"font-size: 13px;text-align:left\">(Puede eliminarlos o solicitar una copia realizando una solicitud expl\u00edcita a info@digitalpa.it)<\/span>\n<\/p>\n<p><strong>Contacto comercial <span style=\"font-size: 13px; color: #167715;\" font-weight:normal\">(opcional)<\/span><\/strong><span style=\"text-align:left\"><br \/>\n<span class=\"wpcf7-form-control-wrap\" data-name=\"accettazione-richiesta-commerciale\"><span class=\"wpcf7-form-control wpcf7-acceptance optional\"><span class=\"wpcf7-list-item\"><label><input type=\"checkbox\" name=\"accettazione-richiesta-commerciale\" value=\"1\" aria-invalid=\"false\" \/><span class=\"wpcf7-list-item-label\">Acepto el tratamiento de mis datos con fines comerciales a los que se refiere la <a href=\"\/es\/privacy-y-cookies\/\" target=\"_blank\" rel=\"nofollow noopener\">Pol\u00edtica de privacidad<\/a>.<\/span><\/label><\/span><\/span><\/span> <\/span><br \/>\n[anr_nocaptcha g-recaptcha-response]\n<\/p>\n<p><input class=\"wpcf7-form-control wpcf7-submit has-spinner\" type=\"submit\" value=\"Enviar\" \/>\n<\/p><div class=\"fusion-alert alert custom alert-custom fusion-alert-center wpcf7-response-output awb-alert-native-link-color alert-dismissable awb-alert-close-boxed\" style=\"--awb-border-size:1px;--awb-border-top-left-radius:0px;--awb-border-top-right-radius:0px;--awb-border-bottom-left-radius:0px;--awb-border-bottom-right-radius:0px;\" role=\"alert\"><div class=\"fusion-alert-content-wrapper\"><span class=\"fusion-alert-content\"><\/span><\/div><button type=\"button\" class=\"close toggle-alert\" data-dismiss=\"alert\" aria-label=\"Close\">&times;<\/button><\/div>\n<\/form>\n<\/div>\n\n<\/div><div class=\"fusion-clearfix\"><\/div><\/div><\/div><div class=\"fusion-layout-column fusion_builder_column fusion-builder-column-1 fusion_builder_column_1_4 1_4 fusion-one-fourth fusion-column-last\" style=\"--awb-bg-size:cover;width:25%;width:calc(25% - ( ( 4% ) * 0.25 ) );\"><div class=\"fusion-column-wrapper fusion-column-has-shadow fusion-flex-column-wrapper-legacy\"><div class=\"fusion-text fusion-text-4\"><p><img decoding=\"async\" class=\"alignnone wp-image-24597 size-full\" src=\"https:\/\/www.networkpa.it\/wp-content\/uploads\/2021\/03\/logo-digitalpa-250x.png\" alt=\"logo-digitalpa\" width=\"250\" height=\"61\" srcset=\"https:\/\/www.networkpa.it\/wp-content\/uploads\/2021\/03\/logo-digitalpa-250x-200x49.png 200w, https:\/\/www.networkpa.it\/wp-content\/uploads\/2021\/03\/logo-digitalpa-250x.png 250w\" sizes=\"(max-width: 250px) 100vw, 250px\" \/><\/p>\n<h4>Plaza de Catalunya, 1 &#8211; 4\u00b0 , 08002 Barcelona<\/h4>\n<h4>Via s. Tommaso d&#8217;Aquino, 18A &#8211; 09134 Cagliari (Italia)<\/h4>\n<h4>Viale Stazione Centrale, 32D \u2013 67039 Sulmona (Italia)<\/h4>\n<h4>P. IVA e C. Fisc.: 03553050927<br \/>\nREA: CA &#8211; 280392<br \/>\nCap. Soc.: \u20ac 105.000,00 i.v.<\/h4>\n<\/div><div class=\"fusion-social-links fusion-social-links-1\" style=\"--awb-margin-top:0px;--awb-margin-right:0px;--awb-margin-bottom:0px;--awb-margin-left:0px;--awb-box-border-top:0px;--awb-box-border-right:0px;--awb-box-border-bottom:0px;--awb-box-border-left:0px;--awb-icon-colors-hover:rgba(190,189,189,0.8);--awb-box-colors-hover:rgba(232,232,232,0.8);--awb-box-border-color:var(--awb-color3);--awb-box-border-color-hover:var(--awb-color4);\"><div class=\"fusion-social-networks boxed-icons color-type-custom\"><div class=\"fusion-social-networks-wrapper\"><a class=\"fusion-social-network-icon fusion-tooltip fusion-linkedin awb-icon-linkedin\" style=\"color:#ffffff;font-size:28px;width:28px;background-color:#0c364f;border-color:#0c364f;border-radius:50%;\" data-placement=\"top\" data-title=\"LinkedIn\" data-toggle=\"tooltip\" title=\"LinkedIn\" aria-label=\"linkedin\" target=\"_blank\" rel=\"noopener noreferrer nofollow\" href=\"https:\/\/www.linkedin.com\/company\/digitalpa\/\"><\/a><\/div><\/div><\/div><div class=\"fusion-sep-clear\"><\/div><div class=\"fusion-separator fusion-full-width-sep\" style=\"margin-left: auto;margin-right: auto;margin-top:10px;margin-bottom:10px;width:100%;\"><\/div><div class=\"fusion-sep-clear\"><\/div><div class=\"fusion-text fusion-text-5\"><h3>Otro lugares:<\/h3>\n<p><strong>Lombardia<\/strong>: Viale Monza, 347 \u2013 20126 Milano (MI)<br \/>\n<strong>Lazio<\/strong>: via Antonio Salandra 18 \u2013 00187 Roma<\/p>\n<\/div><div class=\"fusion-clearfix\"><\/div><\/div><\/div><\/div><\/div>\n","protected":false},"excerpt":{"rendered":"","protected":false},"author":308,"featured_media":0,"parent":0,"menu_order":0,"comment_status":"closed","ping_status":"closed","template":"","meta":{"footnotes":""},"class_list":["post-20649","page","type-page","status-publish","hentry"],"yoast_head":"<!-- This site is optimized with the Yoast SEO plugin v25.9 - https:\/\/yoast.com\/wordpress\/plugins\/seo\/ -->\n<title>Informaci\u00f3n y presupuestos para gesti\u00f3n \u00fanica de Registros Proveedores<\/title>\n<meta name=\"description\" content=\"Rellene el formulario para obtener informaci\u00f3n o presupuestos personalizados en NetworkPA: centralice inscripciones de Registro y aumente oportunidades\" \/>\n<meta name=\"robots\" content=\"index, follow, max-snippet:-1, max-image-preview:large, max-video-preview:-1\" \/>\n<link rel=\"canonical\" href=\"https:\/\/www.networkpa.it\/es\/contactos\/\" \/>\n<meta property=\"og:locale\" content=\"es_ES\" \/>\n<meta property=\"og:type\" content=\"article\" \/>\n<meta property=\"og:title\" content=\"Informaci\u00f3n y presupuestos para gesti\u00f3n \u00fanica de Registros Proveedores\" \/>\n<meta property=\"og:description\" content=\"Rellene el formulario para obtener informaci\u00f3n o presupuestos personalizados en NetworkPA: centralice inscripciones de Registro y aumente oportunidades\" \/>\n<meta property=\"og:url\" content=\"https:\/\/www.networkpa.it\/es\/contactos\/\" \/>\n<meta property=\"og:site_name\" content=\"NetworkPA\" \/>\n<meta property=\"article:publisher\" content=\"https:\/\/www.facebook.com\/digitalpa.srl\/\" \/>\n<meta property=\"article:modified_time\" content=\"2024-10-21T07:59:12+00:00\" \/>\n<meta property=\"og:image\" content=\"https:\/\/www.networkpa.it\/wp-content\/uploads\/2021\/03\/logo-digitalpa-250x.png\" \/>\n\t<meta property=\"og:image:width\" content=\"250\" \/>\n\t<meta property=\"og:image:height\" content=\"61\" \/>\n\t<meta property=\"og:image:type\" content=\"image\/png\" \/>\n<meta name=\"twitter:card\" content=\"summary_large_image\" \/>\n<meta name=\"twitter:label1\" content=\"Est. reading time\" \/>\n\t<meta name=\"twitter:data1\" content=\"2 minutes\" \/>\n<script type=\"application\/ld+json\" class=\"yoast-schema-graph\">{\"@context\":\"https:\/\/schema.org\",\"@graph\":[{\"@type\":\"WebPage\",\"@id\":\"https:\/\/www.networkpa.it\/es\/contactos\/\",\"url\":\"https:\/\/www.networkpa.it\/es\/contactos\/\",\"name\":\"Informaci\u00f3n y presupuestos para gesti\u00f3n \u00fanica de Registros Proveedores\",\"isPartOf\":{\"@id\":\"https:\/\/www.networkpa.it\/#website\"},\"primaryImageOfPage\":{\"@id\":\"https:\/\/www.networkpa.it\/es\/contactos\/#primaryimage\"},\"image\":{\"@id\":\"https:\/\/www.networkpa.it\/es\/contactos\/#primaryimage\"},\"thumbnailUrl\":\"https:\/\/www.networkpa.it\/wp-content\/uploads\/2021\/03\/logo-digitalpa-250x.png\",\"datePublished\":\"2019-05-31T10:43:59+00:00\",\"dateModified\":\"2024-10-21T07:59:12+00:00\",\"description\":\"Rellene el formulario para obtener informaci\u00f3n o presupuestos personalizados en NetworkPA: centralice inscripciones de Registro y aumente oportunidades\",\"breadcrumb\":{\"@id\":\"https:\/\/www.networkpa.it\/es\/contactos\/#breadcrumb\"},\"inLanguage\":\"es-ES\",\"potentialAction\":[{\"@type\":\"ReadAction\",\"target\":[\"https:\/\/www.networkpa.it\/es\/contactos\/\"]}]},{\"@type\":\"ImageObject\",\"inLanguage\":\"es-ES\",\"@id\":\"https:\/\/www.networkpa.it\/es\/contactos\/#primaryimage\",\"url\":\"https:\/\/www.networkpa.it\/wp-content\/uploads\/2021\/03\/logo-digitalpa-250x.png\",\"contentUrl\":\"https:\/\/www.networkpa.it\/wp-content\/uploads\/2021\/03\/logo-digitalpa-250x.png\"},{\"@type\":\"BreadcrumbList\",\"@id\":\"https:\/\/www.networkpa.it\/es\/contactos\/#breadcrumb\",\"itemListElement\":[{\"@type\":\"ListItem\",\"position\":1,\"name\":\"Home\",\"item\":\"https:\/\/www.networkpa.it\/es\/\"},{\"@type\":\"ListItem\",\"position\":2,\"name\":\"Contactos\"}]},{\"@type\":\"WebSite\",\"@id\":\"https:\/\/www.networkpa.it\/#website\",\"url\":\"https:\/\/www.networkpa.it\/\",\"name\":\"NetworkPA\",\"description\":\"Software e-procurement | albo fornitori iscrizione | Partecipazione gara telematica\",\"publisher\":{\"@id\":\"https:\/\/www.networkpa.it\/#organization\"},\"potentialAction\":[{\"@type\":\"SearchAction\",\"target\":{\"@type\":\"EntryPoint\",\"urlTemplate\":\"https:\/\/www.networkpa.it\/?s={search_term_string}\"},\"query-input\":{\"@type\":\"PropertyValueSpecification\",\"valueRequired\":true,\"valueName\":\"search_term_string\"}}],\"inLanguage\":\"es-ES\"},{\"@type\":\"Organization\",\"@id\":\"https:\/\/www.networkpa.it\/#organization\",\"name\":\"DigitalPA s.r.l\",\"url\":\"https:\/\/www.networkpa.it\/\",\"logo\":{\"@type\":\"ImageObject\",\"inLanguage\":\"es-ES\",\"@id\":\"https:\/\/www.networkpa.it\/#\/schema\/logo\/image\/\",\"url\":\"https:\/\/www.networkpa.it\/wp-content\/uploads\/2019\/06\/logo-digitalpa-blu-rosso-orizzontale-payoff-copia-250x.png\",\"contentUrl\":\"https:\/\/www.networkpa.it\/wp-content\/uploads\/2019\/06\/logo-digitalpa-blu-rosso-orizzontale-payoff-copia-250x.png\",\"width\":250,\"height\":60,\"caption\":\"DigitalPA s.r.l\"},\"image\":{\"@id\":\"https:\/\/www.networkpa.it\/#\/schema\/logo\/image\/\"},\"sameAs\":[\"https:\/\/www.facebook.com\/digitalpa.srl\/\",\"https:\/\/www.linkedin.com\/company\/digitalpa\/?originalSubdomain=it\",\"https:\/\/www.youtube.com\/channel\/UC67awOjGkcaH22GRWPN9R1w\"]}]}<\/script>\n<!-- \/ Yoast SEO plugin. -->","yoast_head_json":{"title":"Informaci\u00f3n y presupuestos para gesti\u00f3n \u00fanica de Registros Proveedores","description":"Rellene el formulario para obtener informaci\u00f3n o presupuestos personalizados en NetworkPA: centralice inscripciones de Registro y aumente oportunidades","robots":{"index":"index","follow":"follow","max-snippet":"max-snippet:-1","max-image-preview":"max-image-preview:large","max-video-preview":"max-video-preview:-1"},"canonical":"https:\/\/www.networkpa.it\/es\/contactos\/","og_locale":"es_ES","og_type":"article","og_title":"Informaci\u00f3n y presupuestos para gesti\u00f3n \u00fanica de Registros Proveedores","og_description":"Rellene el formulario para obtener informaci\u00f3n o presupuestos personalizados en NetworkPA: centralice inscripciones de Registro y aumente oportunidades","og_url":"https:\/\/www.networkpa.it\/es\/contactos\/","og_site_name":"NetworkPA","article_publisher":"https:\/\/www.facebook.com\/digitalpa.srl\/","article_modified_time":"2024-10-21T07:59:12+00:00","og_image":[{"width":250,"height":61,"url":"https:\/\/www.networkpa.it\/wp-content\/uploads\/2021\/03\/logo-digitalpa-250x.png","type":"image\/png"}],"twitter_card":"summary_large_image","twitter_misc":{"Est. reading time":"2 minutes"},"schema":{"@context":"https:\/\/schema.org","@graph":[{"@type":"WebPage","@id":"https:\/\/www.networkpa.it\/es\/contactos\/","url":"https:\/\/www.networkpa.it\/es\/contactos\/","name":"Informaci\u00f3n y presupuestos para gesti\u00f3n \u00fanica de Registros Proveedores","isPartOf":{"@id":"https:\/\/www.networkpa.it\/#website"},"primaryImageOfPage":{"@id":"https:\/\/www.networkpa.it\/es\/contactos\/#primaryimage"},"image":{"@id":"https:\/\/www.networkpa.it\/es\/contactos\/#primaryimage"},"thumbnailUrl":"https:\/\/www.networkpa.it\/wp-content\/uploads\/2021\/03\/logo-digitalpa-250x.png","datePublished":"2019-05-31T10:43:59+00:00","dateModified":"2024-10-21T07:59:12+00:00","description":"Rellene el formulario para obtener informaci\u00f3n o presupuestos personalizados en NetworkPA: centralice inscripciones de Registro y aumente oportunidades","breadcrumb":{"@id":"https:\/\/www.networkpa.it\/es\/contactos\/#breadcrumb"},"inLanguage":"es-ES","potentialAction":[{"@type":"ReadAction","target":["https:\/\/www.networkpa.it\/es\/contactos\/"]}]},{"@type":"ImageObject","inLanguage":"es-ES","@id":"https:\/\/www.networkpa.it\/es\/contactos\/#primaryimage","url":"https:\/\/www.networkpa.it\/wp-content\/uploads\/2021\/03\/logo-digitalpa-250x.png","contentUrl":"https:\/\/www.networkpa.it\/wp-content\/uploads\/2021\/03\/logo-digitalpa-250x.png"},{"@type":"BreadcrumbList","@id":"https:\/\/www.networkpa.it\/es\/contactos\/#breadcrumb","itemListElement":[{"@type":"ListItem","position":1,"name":"Home","item":"https:\/\/www.networkpa.it\/es\/"},{"@type":"ListItem","position":2,"name":"Contactos"}]},{"@type":"WebSite","@id":"https:\/\/www.networkpa.it\/#website","url":"https:\/\/www.networkpa.it\/","name":"NetworkPA","description":"Software e-procurement | albo fornitori iscrizione | Partecipazione gara telematica","publisher":{"@id":"https:\/\/www.networkpa.it\/#organization"},"potentialAction":[{"@type":"SearchAction","target":{"@type":"EntryPoint","urlTemplate":"https:\/\/www.networkpa.it\/?s={search_term_string}"},"query-input":{"@type":"PropertyValueSpecification","valueRequired":true,"valueName":"search_term_string"}}],"inLanguage":"es-ES"},{"@type":"Organization","@id":"https:\/\/www.networkpa.it\/#organization","name":"DigitalPA s.r.l","url":"https:\/\/www.networkpa.it\/","logo":{"@type":"ImageObject","inLanguage":"es-ES","@id":"https:\/\/www.networkpa.it\/#\/schema\/logo\/image\/","url":"https:\/\/www.networkpa.it\/wp-content\/uploads\/2019\/06\/logo-digitalpa-blu-rosso-orizzontale-payoff-copia-250x.png","contentUrl":"https:\/\/www.networkpa.it\/wp-content\/uploads\/2019\/06\/logo-digitalpa-blu-rosso-orizzontale-payoff-copia-250x.png","width":250,"height":60,"caption":"DigitalPA s.r.l"},"image":{"@id":"https:\/\/www.networkpa.it\/#\/schema\/logo\/image\/"},"sameAs":["https:\/\/www.facebook.com\/digitalpa.srl\/","https:\/\/www.linkedin.com\/company\/digitalpa\/?originalSubdomain=it","https:\/\/www.youtube.com\/channel\/UC67awOjGkcaH22GRWPN9R1w"]}]}},"_links":{"self":[{"href":"https:\/\/www.networkpa.it\/es\/wp-json\/wp\/v2\/pages\/20649","targetHints":{"allow":["GET"]}}],"collection":[{"href":"https:\/\/www.networkpa.it\/es\/wp-json\/wp\/v2\/pages"}],"about":[{"href":"https:\/\/www.networkpa.it\/es\/wp-json\/wp\/v2\/types\/page"}],"author":[{"embeddable":true,"href":"https:\/\/www.networkpa.it\/es\/wp-json\/wp\/v2\/users\/308"}],"replies":[{"embeddable":true,"href":"https:\/\/www.networkpa.it\/es\/wp-json\/wp\/v2\/comments?post=20649"}],"version-history":[{"count":20,"href":"https:\/\/www.networkpa.it\/es\/wp-json\/wp\/v2\/pages\/20649\/revisions"}],"predecessor-version":[{"id":42805,"href":"https:\/\/www.networkpa.it\/es\/wp-json\/wp\/v2\/pages\/20649\/revisions\/42805"}],"wp:attachment":[{"href":"https:\/\/www.networkpa.it\/es\/wp-json\/wp\/v2\/media?parent=20649"}],"curies":[{"name":"wp","href":"https:\/\/api.w.org\/{rel}","templated":true}]}}